{"id":334,"date":"2020-05-30T13:24:42","date_gmt":"2020-05-30T13:24:42","guid":{"rendered":"https:\/\/info.anotando.es\/?page_id=334"},"modified":"2020-05-30T13:52:50","modified_gmt":"2020-05-30T13:52:50","slug":"inicio","status":"publish","type":"page","link":"https:\/\/info.anotando.es\/","title":{"rendered":"Inicio"},"content":{"rendered":"\t\t<div data-elementor-type=\"wp-page\" data-elementor-id=\"334\" class=\"elementor elementor-334\">\n\t\t\t\t\t\t<section class=\"elementor-section elementor-top-section elementor-element elementor-element-14833b9 elementor-section-boxed elementor-section-height-default elementor-section-height-default\" data-id=\"14833b9\" data-element_type=\"section\">\n\t\t\t\t\t\t<div class=\"elementor-container elementor-column-gap-default\">\n\t\t\t\t\t<div class=\"elementor-column elementor-col-100 elementor-top-column elementor-element elementor-element-c58f4cc\" data-id=\"c58f4cc\" data-element_type=\"column\">\n\t\t\t<div class=\"elementor-widget-wrap elementor-element-populated\">\n\t\t\t\t\t\t<div class=\"elementor-element elementor-element-b68f70c elementor-widget elementor-widget-heading\" data-id=\"b68f70c\" data-element_type=\"widget\" data-widget_type=\"heading.default\">\n\t\t\t\t<div class=\"elementor-widget-container\">\n\t\t\t\t\t<h2 class=\"elementor-heading-title elementor-size-default\">\u00bfCu\u00e1nto me va a costar?<\/h2>\t\t\t\t<\/div>\n\t\t\t\t<\/div>\n\t\t\t\t\t<\/div>\n\t\t<\/div>\n\t\t\t\t\t<\/div>\n\t\t<\/section>\n\t\t\t\t<section class=\"elementor-section elementor-top-section elementor-element elementor-element-28f939b elementor-section-boxed elementor-section-height-default elementor-section-height-default\" data-id=\"28f939b\" data-element_type=\"section\">\n\t\t\t\t\t\t<div class=\"elementor-container elementor-column-gap-default\">\n\t\t\t\t\t<div class=\"elementor-column elementor-col-50 elementor-top-column elementor-element elementor-element-75a2fca\" data-id=\"75a2fca\" data-element_type=\"column\">\n\t\t\t<div class=\"elementor-widget-wrap elementor-element-populated\">\n\t\t\t\t\t\t<div class=\"elementor-element elementor-element-1e5bfb6 elementor-widget elementor-widget-obfx-pricing-table\" data-id=\"1e5bfb6\" data-element_type=\"widget\" data-widget_type=\"obfx-pricing-table.default\">\n\t\t\t\t<div class=\"elementor-widget-container\">\n\t\t\t\t\t<div class=\"obfx-pricing-table-wrapper\"><div class=\"obfx-title-wrapper\"><h3 class=\"obfx-pricing-table-title\">Plan B\u00e1sico<\/h3><\/div> <!-- \/.obfx-title-wrapper --><div class=\"obfx-price-wrapper\"><span class=\"obfx-pricing-period\">Gratis<\/span><\/div> <!-- \/.obfx-price-wrapper --><ul class=\"obfx-feature-list\"><li><i class=\"obfx-pricing-table-feature-icon fas fa-star\" aria-hidden=\"true\"><\/i><span class=\"obfx-pricing-table-feature\">Carta Digital<\/span><\/li><li><i class=\"obfx-pricing-table-feature-icon fas fa-allergies\" aria-hidden=\"true\"><\/i><span class=\"obfx-pricing-table-feature\">Info. Al\u00e9rgenos<\/span><\/li><li><i class=\"obfx-pricing-table-feature-icon fas fa-qrcode\" aria-hidden=\"true\"><\/i><span class=\"obfx-pricing-table-feature\">C\u00f3digo QR<\/span><\/li><\/ul><div class=\"obfx-pricing-table-button-wrapper\"><a class=\"obfx-pricing-table-button\" href=\"#contact\"><span class=\"obfx-button-icon-align-left\" ><i class=\"far fa-envelope\" aria-hidden=\"true\"><\/i><\/span><span class=\"elementor-button-text\">Empezar<\/span><\/a><\/div> <!-- \/.obfx-pricing-table-button-wrapper --><\/div> <!-- \/.obfx-pricing-table-wrapper -->\t\t\t\t<\/div>\n\t\t\t\t<\/div>\n\t\t\t\t\t<\/div>\n\t\t<\/div>\n\t\t\t\t<div class=\"elementor-column elementor-col-50 elementor-top-column elementor-element elementor-element-d66d791\" data-id=\"d66d791\" data-element_type=\"column\">\n\t\t\t<div class=\"elementor-widget-wrap elementor-element-populated\">\n\t\t\t\t\t\t<div class=\"elementor-element elementor-element-f772a95 elementor-widget elementor-widget-obfx-pricing-table\" data-id=\"f772a95\" data-element_type=\"widget\" data-widget_type=\"obfx-pricing-table.default\">\n\t\t\t\t<div class=\"elementor-widget-container\">\n\t\t\t\t\t<div class=\"obfx-pricing-table-wrapper\"><div class=\"obfx-title-wrapper\"><h3 class=\"obfx-pricing-table-title\">Plan Profesional<\/h3><\/div> <!-- \/.obfx-title-wrapper --><div class=\"obfx-price-wrapper\"><span class=\"obfx-pricing-period\">Pendiente de definir<\/span><\/div> <!-- \/.obfx-price-wrapper --><ul class=\"obfx-feature-list\"><li><i class=\"obfx-pricing-table-feature-icon fas fa-star\" aria-hidden=\"true\"><\/i><span class=\"obfx-pricing-table-feature\">Carta Digital<\/span><\/li><li><i class=\"obfx-pricing-table-feature-icon fas fa-allergies\" aria-hidden=\"true\"><\/i><span class=\"obfx-pricing-table-feature\">Info. Al\u00e9rgenos<\/span><\/li><li><i class=\"obfx-pricing-table-feature-icon fas fa-qrcode\" aria-hidden=\"true\"><\/i><span class=\"obfx-pricing-table-feature\">C\u00f3digo QR<\/span><\/li><li><i class=\"obfx-pricing-table-feature-icon fas fa-rss\" aria-hidden=\"true\"><\/i><span class=\"obfx-pricing-table-feature\">Comanda desde carta digital<\/span><\/li><li><i class=\"obfx-pricing-table-feature-icon fas fa-euro-sign\" aria-hidden=\"true\"><\/i><span class=\"obfx-pricing-table-feature\">Pagos digitales<\/span><\/li><\/ul><div class=\"obfx-pricing-table-button-wrapper\"><a class=\"obfx-pricing-table-button\"><span class=\"obfx-button-icon-align-left\" ><i class=\"\" aria-hidden=\"true\"><\/i><\/span><span class=\"elementor-button-text\">En desarrollo<\/span><\/a><\/div> <!-- \/.obfx-pricing-table-button-wrapper --><\/div> <!-- \/.obfx-pricing-table-wrapper -->\t\t\t\t<\/div>\n\t\t\t\t<\/div>\n\t\t\t\t\t<\/div>\n\t\t<\/div>\n\t\t\t\t\t<\/div>\n\t\t<\/section>\n\t\t\t\t<\/div>\n\t\t","protected":false},"excerpt":{"rendered":"<p>\u00bfCu\u00e1nto me va a costar? Plan B\u00e1sico Gratis Carta Digital Info. Al\u00e9rgenos C\u00f3digo QR Empezar Plan Profesional Pendiente de definir Carta Digital Info. Al\u00e9rgenos C\u00f3digo QR Comanda desde carta digital Pagos digitales En desarrollo<\/p>\n","protected":false},"author":1,"featured_media":338,"parent":0,"menu_order":0,"comment_status":"closed","ping_status":"closed","template":"","meta":{"footnotes":""},"class_list":["post-334","page","type-page","status-publish","has-post-thumbnail","hentry"],"_links":{"self":[{"href":"https:\/\/info.anotando.es\/index.php\/wp-json\/wp\/v2\/pages\/334","targetHints":{"allow":["GET"]}}],"collection":[{"href":"https:\/\/info.anotando.es\/index.php\/wp-json\/wp\/v2\/pages"}],"about":[{"href":"https:\/\/info.anotando.es\/index.php\/wp-json\/wp\/v2\/types\/page"}],"author":[{"embeddable":true,"href":"https:\/\/info.anotando.es\/index.php\/wp-json\/wp\/v2\/users\/1"}],"replies":[{"embeddable":true,"href":"https:\/\/info.anotando.es\/index.php\/wp-json\/wp\/v2\/comments?post=334"}],"version-history":[{"count":6,"href":"https:\/\/info.anotando.es\/index.php\/wp-json\/wp\/v2\/pages\/334\/revisions"}],"predecessor-version":[{"id":345,"href":"https:\/\/info.anotando.es\/index.php\/wp-json\/wp\/v2\/pages\/334\/revisions\/345"}],"wp:featuredmedia":[{"embeddable":true,"href":"https:\/\/info.anotando.es\/index.php\/wp-json\/wp\/v2\/media\/338"}],"wp:attachment":[{"href":"https:\/\/info.anotando.es\/index.php\/wp-json\/wp\/v2\/media?parent=334"}],"curies":[{"name":"wp","href":"https:\/\/api.w.org\/{rel}","templated":true}]}}